{"id":106,"date":"2026-03-22T03:23:13","date_gmt":"2026-03-22T03:23:13","guid":{"rendered":"http:\/\/devel.zabludovsky.info\/?page_id=106"},"modified":"2026-04-06T21:59:08","modified_gmt":"2026-04-06T21:59:08","slug":"colaboradores","status":"publish","type":"page","link":"https:\/\/alinka.zabludovsky.info\/index.php\/colaboradores\/","title":{"rendered":"Colaboradores"},"content":{"rendered":"\n<p><strong>Este Blog es un compendio de recuerdos y pensamientos en homenaje a la Sra. Alinka Zabludovsky&nbsp; (1934 \u2013 2008).<\/strong><\/p>\n\n\n\n<p>Textos incorporados:<\/p>\n\n\n\n<p><a href=\"http:\/\/alinka.zabludovsky.info\/2008\/11\/la-muerte-congelo-mi-risa\/\">\u00c1ngeles Ascencio de Estavillo<\/a><\/p>\n\n\n\n<p><a href=\"http:\/\/alinka.zabludovsky.info\/2009\/08\/alinka-querida\/\">Beatriz Ballina<\/a><\/p>\n\n\n\n<p><a href=\"http:\/\/alinka.zabludovsky.info\/2009\/05\/alinka-tenia-el-don-de-la-amistad\/\">Sara Bialostosky<\/a><\/p>\n\n\n\n<p><a href=\"http:\/\/alinka.zabludovsky.info\/2009\/10\/a-alinka-breve-recuerdo-de-una-amistad\/\">Josep Botey &amp; Mireia Cumella<\/a><\/p>\n\n\n\n<p><a href=\"http:\/\/alinka.zabludovsky.info\/2009\/03\/fallecio-alinka-zabludovsky-mujer-ejemplar\/\">Alberto Buzali<\/a><\/p>\n\n\n\n<p><a href=\"http:\/\/alinka.zabludovsky.info\/2009\/03\/alinka-7\/\">Sof\u00eda Buzali<\/a><\/p>\n\n\n\n<p><a href=\"http:\/\/alinka.zabludovsky.info\/2009\/03\/para-mi-dona-alinka-fue-una-segunda-mama\/\" target=\"_blank\" rel=\"noreferrer noopener\">Jorge Coello<\/a><\/p>\n\n\n\n<p><a href=\"http:\/\/alinka.zabludovsky.info\/2009\/09\/alinka-10\/\">Alberto Cohen<\/a><\/p>\n\n\n\n<p><a href=\"http:\/\/alinka.zabludovsky.info\/2014\/06\/memoria-en-el-hospital\/\">Ruth D\u00e1vila<\/a><\/p>\n\n\n\n<p><a href=\"http:\/\/alinka.zabludovsky.info\/2010\/03\/un-dia-especial-con-alinka\/\">Nehda G. de Anhalt<\/a><\/p>\n\n\n\n<p><a href=\"http:\/\/alinka.zabludovsky.info\/2009\/03\/la-senora-alinka-era-muy-inteligente\/\" target=\"_blank\" rel=\"noreferrer noopener\">Eber<\/a><\/p>\n\n\n\n<p><a href=\"http:\/\/alinka.zabludovsky.info\/2010\/04\/ser-nada-mas\/\">Tatiana Espinasa Yllades<\/a><\/p>\n\n\n\n<p><a href=\"http:\/\/alinka.zabludovsky.info\/2009\/08\/eduardo-frishwasser-levin\/\">Eduardo Frishwasser<\/a><\/p>\n\n\n\n<p><a href=\"http:\/\/alinka.zabludovsky.info\/2009\/10\/la-senora-alinka\/\">Fausto Garc\u00eda Molinero<\/a><\/p>\n\n\n\n<p><a href=\"http:\/\/alinka.zabludovsky.info\/2008\/12\/alinka-4\/\">Luis Geller<\/a><\/p>\n\n\n\n<p><a href=\"http:\/\/alinka.zabludovsky.info\/2009\/10\/alinka-2\/\">Jaime Grabinsky<\/a><\/p>\n\n\n\n<p><a href=\"http:\/\/alinka.zabludovsky.info\/2009\/05\/loving-alinka\/\">Salo Grabinsky<\/a><\/p>\n\n\n\n<p><a href=\"http:\/\/alinka.zabludovsky.info\/2009\/01\/la-senora-alinka-me-ayudo-siempre-desinteresadamente\/\">Emilio Antonio Hern\u00e1ndez<\/a><\/p>\n\n\n\n<p><a href=\"http:\/\/alinka.zabludovsky.info\/2009\/03\/mas-alla-de-un-tiempo\/\">Alic\u00eda Mar\u00eda Ju\u00e1rez Becerril<\/a><\/p>\n\n\n\n<p><a href=\"http:\/\/alinka.zabludovsky.info\/2009\/05\/una-amistad-que-perdurara-para-siempre\/\">Lilly Kassner<\/a><\/p>\n\n\n\n<p><a href=\"http:\/\/alinka.zabludovsky.info\/2009\/07\/alinka-zabludovsky\/\">Toni Kuri<\/a><\/p>\n\n\n\n<p><a href=\"http:\/\/alinka.zabludovsky.info\/2009\/12\/alinka\/\">Roberta Lajous Vargas<\/a><\/p>\n\n\n\n<p><a href=\"http:\/\/alinka.zabludovsky.info\/2009\/04\/alinka-fue-para-mi-una-amiga-muy-especial\/\">Lili Levin<\/a><\/p>\n\n\n\n<p><a href=\"http:\/\/alinka.zabludovsky.info\/2009\/08\/alinka-8\/\">Mina Levin<\/a><\/p>\n\n\n\n<p><a href=\"http:\/\/alinka.zabludovsky.info\/2011\/07\/in-memoriam\/\">Sara Melman de Lisker<\/a><\/p>\n\n\n\n<p><a href=\"http:\/\/alinka.zabludovsky.info\/2009\/10\/alinka-es-inolvidable\/\">Elvira Molinero<\/a><\/p>\n\n\n\n<p><a href=\"http:\/\/alinka.zabludovsky.info\/2009\/09\/alinka-3\/\">Susy Pick<\/a><\/p>\n\n\n\n<p><a href=\"http:\/\/alinka.zabludovsky.info\/2014\/05\/mi-prima-alinka\/\">Ana Portnoy<\/a><\/p>\n\n\n\n<p><a href=\"http:\/\/alinka.zabludovsky.info\/2009\/10\/querida-ali\/\">Rosa Presburger<\/a><\/p>\n\n\n\n<p><a href=\"http:\/\/alinka.zabludovsky.info\/2009\/06\/alinka-5\/\">Stella Rayek<\/a><\/p>\n\n\n\n<p><a href=\"http:\/\/alinka.zabludovsky.info\/2009\/09\/mi-tia-alinka\/\">Fernando Rosenberg<\/a><\/p>\n\n\n\n<p><a href=\"http:\/\/alinka.zabludovsky.info\/2009\/08\/alinka-6\/\">Rene\u00e9 Rozen<\/a><\/p>\n\n\n\n<p><a href=\"http:\/\/alinka.zabludovsky.info\/2009\/06\/alinka-9\/\">Elen Rozen<\/a><\/p>\n\n\n\n<p><a href=\"http:\/\/alinka.zabludovsky.info\/2009\/04\/alinka-era-una-mujer-enamoradisima-del-cine\/\">Joaqu\u00edn Rubio<\/a><\/p>\n\n\n\n<p><a href=\"http:\/\/alinka.zabludovsky.info\/2010\/05\/the-prettiest-woman-in-mexico\/\">Amy Schildhouse Greenberg<\/a><\/p>\n\n\n\n<p><a href=\"http:\/\/alinka.zabludovsky.info\/2009\/09\/alinka-danschlusselberg\/\">Dan Schlusselberg<\/a><\/p>\n\n\n\n<p><a href=\"http:\/\/alinka.zabludovsky.info\/2009\/08\/memories\/\">Martha Schlusselberg.<\/a><\/p>\n\n\n\n<p><a href=\"http:\/\/alinka.zabludovsky.info\/2010\/01\/mi-querida-amiga-alinka\/\">Buba Stillman<\/a><\/p>\n\n\n\n<p><a href=\"http:\/\/alinka.zabludovsky.info\/2009\/04\/muy-querida-alinka\/\">Patsy Stillman<\/a><\/p>\n\n\n\n<p><a href=\"http:\/\/alinka.zabludovsky.info\/2009\/03\/testimonio-sobre-alinka-kuper\/\">Marvin Surkin<\/a><\/p>\n\n\n\n<p><a href=\"http:\/\/alinka.zabludovsky.info\/2009\/07\/para-mi-alinka-fue-una-queridisima-amiga\/\" target=\"_blank\" rel=\"noreferrer noopener\">Malke Tapuaj<\/a><\/p>\n\n\n\n<p><a href=\"http:\/\/alinka.zabludovsky.info\/2010\/09\/las-pupilas-hablan-y-lo-que-dicen-es-siempre-carinoso-inteligente-amoroso\/\">Tamara Trottner<\/a><\/p>\n\n\n\n<p><a href=\"http:\/\/alinka.zabludovsky.info\/2009\/03\/una-mujer-calida-una-mujer-elegante\/\">Mar\u00eda Esther Villanueva Tovar<\/a><\/p>\n\n\n\n<p><a href=\"http:\/\/alinka.zabludovsky.info\/2010\/05\/lamento\/\">Gina Zabludovsky<\/a>&nbsp;(1)<\/p>\n\n\n\n<p><a href=\"http:\/\/alinka.zabludovsky.info\/2010\/05\/duelo-a-mi-madre\/\">Gina Zabludovsky<\/a>&nbsp;(2)<\/p>\n\n\n\n<p><a href=\"http:\/\/alinka.zabludovsky.info\/2011\/02\/soneto\/\">Gina Zabludovsky<\/a>&nbsp;(3)<\/p>\n\n\n\n<p><a href=\"http:\/\/alinka.zabludovsky.info\/2009\/10\/testimonio-de-moises-zabludovsky\/\">Mois\u00e9s Zabludovsky<\/a><\/p>\n\n\n\n<p><a href=\"http:\/\/alinka.zabludovsky.info\/2009\/11\/en-el-nombre-de-alinka-hay-alinka\/\">Vele&nbsp;Zabludovsky<\/a><\/p>\n\n\n\n<p>Los siguientes testimonios orales, se encuentran en proceso de transcripci\u00f3n para integrarse pr\u00f3ximamente :<\/p>\n\n\n\n<p>Emilio Ch\u00e1vez<\/p>\n\n\n\n<p>Patricia Cohen<\/p>\n","protected":false},"excerpt":{"rendered":"<p>Este Blog es un compendio de recuerdos y pensamientos en homenaje a la [&hellip;]<\/p>\n","protected":false},"author":1,"featured_media":0,"parent":0,"menu_order":0,"comment_status":"closed","ping_status":"closed","template":"","meta":{"footnotes":""},"class_list":["post-106","page","type-page","status-publish","hentry"],"_links":{"self":[{"href":"https:\/\/alinka.zabludovsky.info\/index.php\/wp-json\/wp\/v2\/pages\/106","targetHints":{"allow":["GET"]}}],"collection":[{"href":"https:\/\/alinka.zabludovsky.info\/index.php\/wp-json\/wp\/v2\/pages"}],"about":[{"href":"https:\/\/alinka.zabludovsky.info\/index.php\/wp-json\/wp\/v2\/types\/page"}],"author":[{"embeddable":true,"href":"https:\/\/alinka.zabludovsky.info\/index.php\/wp-json\/wp\/v2\/users\/1"}],"replies":[{"embeddable":true,"href":"https:\/\/alinka.zabludovsky.info\/index.php\/wp-json\/wp\/v2\/comments?post=106"}],"version-history":[{"count":4,"href":"https:\/\/alinka.zabludovsky.info\/index.php\/wp-json\/wp\/v2\/pages\/106\/revisions"}],"predecessor-version":[{"id":276,"href":"https:\/\/alinka.zabludovsky.info\/index.php\/wp-json\/wp\/v2\/pages\/106\/revisions\/276"}],"wp:attachment":[{"href":"https:\/\/alinka.zabludovsky.info\/index.php\/wp-json\/wp\/v2\/media?parent=106"}],"curies":[{"name":"wp","href":"https:\/\/api.w.org\/{rel}","templated":true}]}}